{"id":11211,"date":"2021-05-09T09:52:12","date_gmt":"2021-05-09T12:52:12","guid":{"rendered":"http:\/\/www.saboamoura.com.br\/site\/?post_type=product&#038;p=11211"},"modified":"2023-05-09T11:04:25","modified_gmt":"2023-05-09T14:04:25","slug":"teste","status":"publish","type":"product","link":"https:\/\/www.saboamoura.com.br\/site\/produto\/teste\/","title":{"rendered":"Produto Teste"},"content":{"rendered":"","protected":false},"excerpt":{"rendered":"<p>Produto 100% artesanal.<br \/>\nPara tornar seu ambiente ainda mais aconchegante.<\/p>\n<p><strong>Dicas e Cuidados com seu Home Spray SaboaMoura:<\/strong><br \/>\n*A\u00e7\u00e3o esperada? Perfume na medida com a fixa\u00e7\u00e3o que voc\u00ea deseja;<br \/>\n*aplique uma leve n\u00e9voa de perfume no ambiente ou em superf\u00edcies como almofadas, cortinas, tapetes, sof\u00e1s ou flores artificiais;<br \/>\n*Recomenda-se aplicar aproximadamente 40cm de dist\u00e2ncia da superf\u00edcie;<br \/>\n*N\u00e3o borrifar em sof\u00e1s de couro\/corino (couro sint\u00e9tico);<br \/>\n*Recomenda-se que n\u00e3o seja aplicado diretamente em tecidos claros e finos;<br \/>\n*Mantenha em local fresco e arejado, onde n\u00e3o tenha contato direto com sol e calor;<br \/>\n*Agite antes de usar;<br \/>\n*n\u00e3o ingerir \u2013 evitar contato com os olhos;<\/p>\n<p>Cruelty-free<\/p>\n<p>Informa\u00e7\u00f5es: frasco de pl\u00e1stico biodegrad\u00e1vel, acompanha v\u00e1lvula spray transparente &#8211; 240ml<\/p>\n<p>IMPORTANTE: N\u00c3O NOS RESPONSABILIZAMOS POR ATRASOS DOS CORREIOS. FAVOR CONSULTAR O PRAZO DE ENTREGA ANTES DE FINALIZAR A COMPRA!<\/p>\n","protected":false},"featured_media":11163,"template":"","meta":[],"product_brand":[],"product_cat":[15],"product_tag":[201],"class_list":{"0":"post-11211","1":"product","2":"type-product","3":"status-publish","4":"has-post-thumbnail","6":"product_cat-sem-categoria","7":"product_tag-velas","10":"first","11":"instock","12":"shipping-taxable","13":"purchasable","14":"product-type-variable"},"_links":{"self":[{"href":"https:\/\/www.saboamoura.com.br\/site\/wp-json\/wp\/v2\/product\/11211","targetHints":{"allow":["GET"]}}],"collection":[{"href":"https:\/\/www.saboamoura.com.br\/site\/wp-json\/wp\/v2\/product"}],"about":[{"href":"https:\/\/www.saboamoura.com.br\/site\/wp-json\/wp\/v2\/types\/product"}],"wp:featuredmedia":[{"embeddable":true,"href":"https:\/\/www.saboamoura.com.br\/site\/wp-json\/wp\/v2\/media\/11163"}],"wp:attachment":[{"href":"https:\/\/www.saboamoura.com.br\/site\/wp-json\/wp\/v2\/media?parent=11211"}],"wp:term":[{"taxonomy":"product_brand","embeddable":true,"href":"https:\/\/www.saboamoura.com.br\/site\/wp-json\/wp\/v2\/product_brand?post=11211"},{"taxonomy":"product_cat","embeddable":true,"href":"https:\/\/www.saboamoura.com.br\/site\/wp-json\/wp\/v2\/product_cat?post=11211"},{"taxonomy":"product_tag","embeddable":true,"href":"https:\/\/www.saboamoura.com.br\/site\/wp-json\/wp\/v2\/product_tag?post=11211"}],"curies":[{"name":"wp","href":"https:\/\/api.w.org\/{rel}","templated":true}]}}