{"id":11142,"date":"2023-03-02T13:31:21","date_gmt":"2023-03-02T16:31:21","guid":{"rendered":"http:\/\/www.saboamoura.com.br\/site\/?post_type=product&#038;p=11142"},"modified":"2023-03-18T20:53:51","modified_gmt":"2023-03-18T23:53:51","slug":"sabonete-de-lavanda-2","status":"publish","type":"product","link":"https:\/\/www.saboamoura.com.br\/site\/produto\/sabonete-de-lavanda-2\/","title":{"rendered":"Sabonete de Lavanda"},"content":{"rendered":"","protected":false},"excerpt":{"rendered":"<p>Sabonete 100% artesanal. Cruelty-free<\/p>\n<p>Aroma que acalma, tem um poder energ\u00e9tico que gera paz, evita o estresse, ajuda a ter um sono tranquilo. Seu perfume tem um frescor do campo.<\/p>\n<p>Suas propriedades apresentam atividade cicatrizante, hidratante, emoliente, refrescante, calmante, regeneradora de tecidos.<\/p>\n<p>Produto hipoalerg\u00eanico.<\/p>\n<p>Uso externo, n\u00e3o testado em animais.<\/p>\n<p>N\u00e3o ingerir.<\/p>\n<p>Medidas aproximadas: 5,5x9x3 \u2013 150g<\/p>\n<p>IMPORTANTE: N\u00c3O NOS RESPONSABILIZAMOS POR ATRASOS DOS CORREIOS. FAVOR CONSULTAR O PRAZO DE ENTREGA ANTES DE FINALIZAR A COMPRA!<\/p>\n<p>*Observa\u00e7\u00e3o: N\u00c3O ACOMPANHA ITENS DECORATIVOS.<\/p>\n","protected":false},"featured_media":11143,"template":"","meta":[],"product_brand":[],"product_cat":[216],"product_tag":[204],"class_list":{"0":"post-11142","1":"product","2":"type-product","3":"status-publish","4":"has-post-thumbnail","6":"product_cat-sabonetes","7":"product_tag-sabonetes","10":"first","11":"instock","12":"shipping-taxable","13":"purchasable","14":"product-type-simple"},"_links":{"self":[{"href":"https:\/\/www.saboamoura.com.br\/site\/wp-json\/wp\/v2\/product\/11142","targetHints":{"allow":["GET"]}}],"collection":[{"href":"https:\/\/www.saboamoura.com.br\/site\/wp-json\/wp\/v2\/product"}],"about":[{"href":"https:\/\/www.saboamoura.com.br\/site\/wp-json\/wp\/v2\/types\/product"}],"wp:featuredmedia":[{"embeddable":true,"href":"https:\/\/www.saboamoura.com.br\/site\/wp-json\/wp\/v2\/media\/11143"}],"wp:attachment":[{"href":"https:\/\/www.saboamoura.com.br\/site\/wp-json\/wp\/v2\/media?parent=11142"}],"wp:term":[{"taxonomy":"product_brand","embeddable":true,"href":"https:\/\/www.saboamoura.com.br\/site\/wp-json\/wp\/v2\/product_brand?post=11142"},{"taxonomy":"product_cat","embeddable":true,"href":"https:\/\/www.saboamoura.com.br\/site\/wp-json\/wp\/v2\/product_cat?post=11142"},{"taxonomy":"product_tag","embeddable":true,"href":"https:\/\/www.saboamoura.com.br\/site\/wp-json\/wp\/v2\/product_tag?post=11142"}],"curies":[{"name":"wp","href":"https:\/\/api.w.org\/{rel}","templated":true}]}}