{"id":11135,"date":"2023-03-02T13:21:20","date_gmt":"2023-03-02T16:21:20","guid":{"rendered":"http:\/\/www.saboamoura.com.br\/site\/?post_type=product&#038;p=11135"},"modified":"2023-04-04T17:14:12","modified_gmt":"2023-04-04T20:14:12","slug":"revenda-lojista-e-atacado","status":"publish","type":"product","link":"https:\/\/www.saboamoura.com.br\/site\/produto\/revenda-lojista-e-atacado\/","title":{"rendered":"Revenda Lojista e Atacado"},"content":{"rendered":"","protected":false},"excerpt":{"rendered":"<p>*Para revenda temos condi\u00e7\u00f5es especiais para lojistas e atacado com pedido m\u00ednimo de R$300,00.<\/p>\n<p>Nossa produ\u00e7\u00e3o de lembrancinhas personalizadas \u00e9 totalmente artesanal, ent\u00e3o precisamos um prazo de 20 dias para a produ\u00e7\u00e3o, com pedido m\u00ednimo de 10 unidades, personalizamos conforme sua escolha.<\/p>\n<p>Temos op\u00e7\u00f5es de personalizar seu pedido com sabonetes, aromatizadores, velas e toda linha de produtos dispon\u00edveis para seu evento ou empresa.<\/p>\n<p>A cota\u00e7\u00e3o \u00e9 feita individualmente de acordo com sua necessidade.<\/p>\n<p><strong>Para mais informa\u00e7\u00f5es contato via whatsapp ou Instagram.<\/strong><\/p>\n","protected":false},"featured_media":11136,"template":"","meta":[],"product_brand":[],"product_cat":[214],"product_tag":[201],"class_list":{"0":"post-11135","1":"product","2":"type-product","3":"status-publish","4":"has-post-thumbnail","6":"product_cat-revenda-lojista-e-atacado","7":"product_tag-velas","10":"first","11":"instock","12":"shipping-taxable","13":"product-type-simple"},"_links":{"self":[{"href":"https:\/\/www.saboamoura.com.br\/site\/wp-json\/wp\/v2\/product\/11135","targetHints":{"allow":["GET"]}}],"collection":[{"href":"https:\/\/www.saboamoura.com.br\/site\/wp-json\/wp\/v2\/product"}],"about":[{"href":"https:\/\/www.saboamoura.com.br\/site\/wp-json\/wp\/v2\/types\/product"}],"wp:featuredmedia":[{"embeddable":true,"href":"https:\/\/www.saboamoura.com.br\/site\/wp-json\/wp\/v2\/media\/11136"}],"wp:attachment":[{"href":"https:\/\/www.saboamoura.com.br\/site\/wp-json\/wp\/v2\/media?parent=11135"}],"wp:term":[{"taxonomy":"product_brand","embeddable":true,"href":"https:\/\/www.saboamoura.com.br\/site\/wp-json\/wp\/v2\/product_brand?post=11135"},{"taxonomy":"product_cat","embeddable":true,"href":"https:\/\/www.saboamoura.com.br\/site\/wp-json\/wp\/v2\/product_cat?post=11135"},{"taxonomy":"product_tag","embeddable":true,"href":"https:\/\/www.saboamoura.com.br\/site\/wp-json\/wp\/v2\/product_tag?post=11135"}],"curies":[{"name":"wp","href":"https:\/\/api.w.org\/{rel}","templated":true}]}}