{"id":11133,"date":"2023-03-02T13:18:17","date_gmt":"2023-03-02T16:18:17","guid":{"rendered":"http:\/\/www.saboamoura.com.br\/site\/?post_type=product&#038;p=11133"},"modified":"2023-05-02T15:55:20","modified_gmt":"2023-05-02T18:55:20","slug":"aromatizador-de-ambiente","status":"publish","type":"product","link":"https:\/\/www.saboamoura.com.br\/site\/produto\/aromatizador-de-ambiente\/","title":{"rendered":"Aromatizador de Ambiente"},"content":{"rendered":"<p>Aromas: Bamboo, Vanilla, Flor de Cerejeira, Blue Ocean, Lemongrass, Cereja e avel\u00e3, Lavanda Francesa, Canela.<\/p>\n<p>Descri\u00e7\u00e3o dos Aromas:<\/p>\n<p>*Lavanda Francesa \u2013 Fam\u00edlia Olfativa: Florais. Aroma perfeito aroma da lavanda numa vers\u00e3o maravilhosa para velas, que relaxa, tranquiliza, favorece o sono e acalma a alma.<\/p>\n<p>*Vanilla \u2013 Fam\u00edlia Olfativa: Adocicadas. Aroma que \u00e9 uma composi\u00e7\u00e3o que acalma atrav\u00e9s da docilidade do seu perfume. \u00c9 um perfume requintado e encantador que preenche os ambientes e causa prazer.<\/p>\n<p>*Lemongrass \u2013 Fam\u00edlia Olfativa: Herbal C\u00edtrico. Como todas as notas de Lim\u00e3o, esta ess\u00eancia tem efeito muito revitalizante e estimulante. O aroma traz frescor, vida e alegria, al\u00e9m de ser importante no combate ao cansa\u00e7o e ins\u00f4nia.<\/p>\n<p>*Bamboo \u2013 Fam\u00edlia Olfativa: Herbal. Traz um toque natural para ambientes relaxantes.<\/p>\n<p>*Blue Ocean \u2013 Fam\u00edlia Olfativa: Marinhas. Traz amplitude, grandeza, como mergulhar na imensid\u00e3o do mar e perceber como a natureza \u00e9 grandiosa e que voc\u00ea faz parte dela.<\/p>\n<p>*Canela \u2013 Fam\u00edlia Olfativa: Especiarias. Aroma afrodis\u00edaco que impulsiona atitude e vai contra a debilidade e falta de vontade pr\u00f3pria.<\/p>\n<p>*Cereja e Avel\u00e3 \u2013 Fam\u00edlia Olfativa: Adocicadas. Aroma perfeito para os momentos doces e apaixonantes da vida, aroma sensual, envolvente que inspira prazeres e desejos.<\/p>\n<p>*Flor de Cerejeira \u2013 Fam\u00edlia Olfativa: Florais. Uma fragr\u00e2ncia suave, delicada, que traz energia positiva e favorece o amor. A Cerejeira traz em sua ess\u00eancia a conota\u00e7\u00e3o de durabilidade, beleza e amor.<\/p>\n","protected":false},"excerpt":{"rendered":"<p>Produto 100% artesanal.<\/p>\n<p>Cruelty-free<\/p>\n<p>Frasco moderno, minimalista e sofisticado para qualquer ambiente que queira perfumar. Nosso aromatizador \u00e9 formulado com ess\u00eancias de alta qualidades que aumentam a percep\u00e7\u00e3o de fixa\u00e7\u00e3o do aroma no ambiente, trazendo consigo uma sensa\u00e7\u00e3o de aconchego.<\/p>\n<p>Composi\u00e7\u00e3o: \u00c1lcool cereais, \u00e1gua mineral e ess\u00eancia premium.<\/p>\n<p>Informa\u00e7\u00e3o adicional: Aromatizador 250ml, acompanha 6 (seis) varetas de madeira, vidro reutiliz\u00e1vel com tampa laminada premium dourada ou prata (dependendo do aroma).<\/p>\n<p>Durabilidade: Em m\u00e9dia 80 dias, a depender da condi\u00e7\u00e3o do ambiente (sol, brisa) e quantidade de vezes que as varetas s\u00e3o viradas.<\/p>\n<p>Validade: 24 meses.<\/p>\n<p>Medidas aproximadas: 13,5cm(A)x7cm(di\u00e2metro) \u2013 cont\u00e9m 250ml &#8211; peso total l\u00edquido e vidro 470g<\/p>\n<p>IMPORTANTE: N\u00c3O NOS RESPONSABILIZAMOS POR ATRASOS DOS CORREIOS. FAVOR CONSULTAR O PRAZO DE ENTREGA ANTES DE FINALIZAR A COMPRA!<\/p>\n<p>*Observa\u00e7\u00e3o: N\u00c3O ACOMPANHA ITENS DECORATIVOS.<\/p>\n<p>IMPORTANTE: N\u00c3O NOS RESPONSABILIZAMOS POR ATRASOS DOS CORREIOS. FAVOR CONSULTAR O PRAZO DE ENTREGA ANTES DE FINALIZAR A COMPRA!<\/p>\n","protected":false},"featured_media":11134,"template":"","meta":[],"product_brand":[],"product_cat":[112],"product_tag":[217],"class_list":{"0":"post-11133","1":"product","2":"type-product","3":"status-publish","4":"has-post-thumbnail","6":"product_cat-aromatizadores","7":"product_tag-aromatizador","10":"first","11":"instock","12":"shipping-taxable","13":"purchasable","14":"product-type-variable"},"_links":{"self":[{"href":"https:\/\/www.saboamoura.com.br\/site\/wp-json\/wp\/v2\/product\/11133","targetHints":{"allow":["GET"]}}],"collection":[{"href":"https:\/\/www.saboamoura.com.br\/site\/wp-json\/wp\/v2\/product"}],"about":[{"href":"https:\/\/www.saboamoura.com.br\/site\/wp-json\/wp\/v2\/types\/product"}],"wp:featuredmedia":[{"embeddable":true,"href":"https:\/\/www.saboamoura.com.br\/site\/wp-json\/wp\/v2\/media\/11134"}],"wp:attachment":[{"href":"https:\/\/www.saboamoura.com.br\/site\/wp-json\/wp\/v2\/media?parent=11133"}],"wp:term":[{"taxonomy":"product_brand","embeddable":true,"href":"https:\/\/www.saboamoura.com.br\/site\/wp-json\/wp\/v2\/product_brand?post=11133"},{"taxonomy":"product_cat","embeddable":true,"href":"https:\/\/www.saboamoura.com.br\/site\/wp-json\/wp\/v2\/product_cat?post=11133"},{"taxonomy":"product_tag","embeddable":true,"href":"https:\/\/www.saboamoura.com.br\/site\/wp-json\/wp\/v2\/product_tag?post=11133"}],"curies":[{"name":"wp","href":"https:\/\/api.w.org\/{rel}","templated":true}]}}