{"id":11127,"date":"2023-03-02T13:12:18","date_gmt":"2023-03-02T16:12:18","guid":{"rendered":"http:\/\/www.saboamoura.com.br\/site\/?post_type=product&#038;p=11127"},"modified":"2023-05-31T14:01:30","modified_gmt":"2023-05-31T17:01:30","slug":"jogo-de-toalhas-banho-e-rosto-pintadas-a-mao","status":"publish","type":"product","link":"https:\/\/www.saboamoura.com.br\/site\/produto\/jogo-de-toalhas-banho-e-rosto-pintadas-a-mao\/","title":{"rendered":"Jogo de Toalhas Banho e Rosto pintadas \u00e0 m\u00e3o"},"content":{"rendered":"","protected":false},"excerpt":{"rendered":"<p>Um toque requintado e \u00fanico para seu banheiro. \u00d3tima op\u00e7\u00e3o para deixar seu banheiro ainda mais belo e para presentear algu\u00e9m muito especial.<\/p>\n<p>Op\u00e7\u00f5es de Jogo de Toalhas:<\/p>\n<p>**Jogo com 2 toalhas de banho e 1 toalha de rosto: 1.050Kg ou<\/p>\n<p>**Jogo com 1 tolha de banho e 1 toalha de rosto: peso 650g<\/p>\n<p>Pintura resistente a lavagem, \u00f3tima durabilidade, pintura \u00e0 m\u00e3o com acabamento com griper<\/p>\n<p>Prazo para produ\u00e7\u00e3o: 7 dias \u00fateis.<\/p>\n<p>IMPORTANTE: N\u00c3O NOS RESPONSABILIZAMOS POR ATRASOS DOS CORREIOS. FAVOR CONSULTAR O PRAZO DE ENTREGA ANTES DE FINALIZAR A COMPRA!<\/p>\n","protected":false},"featured_media":11128,"template":"","meta":[],"product_brand":[],"product_cat":[213],"product_tag":[218],"class_list":{"0":"post-11127","1":"product","2":"type-product","3":"status-publish","4":"has-post-thumbnail","6":"product_cat-toalhas","7":"product_tag-toalhas","10":"first","11":"outofstock","12":"shipping-taxable","13":"product-type-variable"},"_links":{"self":[{"href":"https:\/\/www.saboamoura.com.br\/site\/wp-json\/wp\/v2\/product\/11127","targetHints":{"allow":["GET"]}}],"collection":[{"href":"https:\/\/www.saboamoura.com.br\/site\/wp-json\/wp\/v2\/product"}],"about":[{"href":"https:\/\/www.saboamoura.com.br\/site\/wp-json\/wp\/v2\/types\/product"}],"wp:featuredmedia":[{"embeddable":true,"href":"https:\/\/www.saboamoura.com.br\/site\/wp-json\/wp\/v2\/media\/11128"}],"wp:attachment":[{"href":"https:\/\/www.saboamoura.com.br\/site\/wp-json\/wp\/v2\/media?parent=11127"}],"wp:term":[{"taxonomy":"product_brand","embeddable":true,"href":"https:\/\/www.saboamoura.com.br\/site\/wp-json\/wp\/v2\/product_brand?post=11127"},{"taxonomy":"product_cat","embeddable":true,"href":"https:\/\/www.saboamoura.com.br\/site\/wp-json\/wp\/v2\/product_cat?post=11127"},{"taxonomy":"product_tag","embeddable":true,"href":"https:\/\/www.saboamoura.com.br\/site\/wp-json\/wp\/v2\/product_tag?post=11127"}],"curies":[{"name":"wp","href":"https:\/\/api.w.org\/{rel}","templated":true}]}}