{"id":11121,"date":"2023-03-02T13:07:36","date_gmt":"2023-03-02T16:07:36","guid":{"rendered":"http:\/\/www.saboamoura.com.br\/site\/?post_type=product&#038;p=11121"},"modified":"2023-05-05T15:53:15","modified_gmt":"2023-05-05T18:53:15","slug":"vela-aromatica-em-lata-decorativa","status":"publish","type":"product","link":"https:\/\/www.saboamoura.com.br\/site\/produto\/vela-aromatica-em-lata-decorativa\/","title":{"rendered":"Vela Arom\u00e1tica em Lata decorativa"},"content":{"rendered":"<p><strong><u>**INSTRU\u00c7\u00d5ES DE USO<\/u><\/strong><\/p>\n<p>Ap\u00f3s receber sua Vela Arom\u00e1tica, retire a tampa, o pavio j\u00e1 estar\u00e1 pronto para voc\u00ea acender e desfrutar momentos \u00fanicos. Alguns minutos ap\u00f3s a queima o aroma estar\u00e1 no ambiente.<\/p>\n<p>A primeira queima \u00e9 a mais importante. A cera deve derreter at\u00e9 a borda da lata para n\u00e3o formar o t\u00fanel e com isso a mem\u00f3ria da vela ir\u00e1 fazer com que ela n\u00e3o queime todo a cera.<\/p>\n<p>Ao reacender a vela sempre apare o pavio cerca de 5mm, isso ajuda a diminuir a chama, a fuma\u00e7a preta e mant\u00e9m o bom desempenho da vela.<\/p>\n<p>N\u00e3o deixe sua vela acesa por mais de 4 horas seguidas. Ap\u00f3s apague a chama da vela e tampe novamente.<\/p>\n<p><strong>CUIDADOS<\/strong>:<\/p>\n<p>N\u00e3o deixe a vela acesa sem supervis\u00e3o.<\/p>\n<p>Mantenha fora do alcance de crian\u00e7as, animais de estima\u00e7\u00e3o e objetos inflam\u00e1veis como cortinas, plantas etc.<\/p>\n<p>Queime a vela em uma superf\u00edcie r\u00edgida e n\u00e3o inflam\u00e1vel. Se poss\u00edvel coloque algo embaixo da vela pois o pote esquenta e pode &#8220;queimar&#8221; a superf\u00edcie.<\/p>\n<p>Tome cuidado. N\u00e3o toque na cera e no recipiente enquanto estiver acesa e n\u00e3o a transporte de um local para outro com a cera derretida, pois poder\u00e1 sofrer altera\u00e7\u00e3o. Para isso aguarde esfriar (secar).<\/p>\n<p>N\u00e3o acenda sua vela perto de janela ou corrente de ar, pode prejudicar o desempenho dela;<\/p>\n<p>Manter fora de alcance de luz solar, a cera pode ter altera\u00e7\u00f5es de cor.<\/p>\n<p>Quando a vela estiver com aproximadamente 3 mm de cera n\u00e3o reutilizar. Pe\u00e7a um refil para ter uma nova vela.<\/p>\n<p><strong>Descri\u00e7\u00e3o de cada aroma: <\/strong><\/p>\n<p>*Bergamota \u2013 Fam\u00edlia Olfativa: Frutas c\u00edtricas. Estimula o entusiasmo, alegria e paz, por isso \u00e9 perfeita para casos de desanimo e ansiedade. Aroma profundo que promove bem-estar.<\/p>\n<p>*Bamboo \u2013 Fam\u00edlia Olfativa: Herbal. Traz um toque natural para ambientes relaxantes.<\/p>\n<p>*Blue Ocean \u2013 Fam\u00edlia Olfativa: Marinhas. Traz amplitude, grandeza, como mergulhar na imensid\u00e3o do mar e perceber como a natureza \u00e9 grandiosa e que voc\u00ea faz parte dela.<\/p>\n<p>*Canela \u2013 Fam\u00edlia Olfativa: Especiarias. Aroma afrodis\u00edaco que impulsiona atitude e vai contra a debilidade e falta de vontade pr\u00f3pria.<\/p>\n<p>*Cereja e Avel\u00e3 \u2013 Fam\u00edlia Olfativa: Adocicadas. Aroma perfeito para os momentos doces e apaixonantes da vida, aroma sensual, envolvente que inspira prazeres e desejos.<\/p>\n<p>*Flor de Cerejeira \u2013 Fam\u00edlia Olfativa: Florais. Uma fragr\u00e2ncia suave, delicada, que traz energia positiva e favorece o amor. A Cerejeira traz em sua ess\u00eancia a conota\u00e7\u00e3o de durabilidade, beleza e amor.<\/p>\n<p>*Coconut \u2013 Fam\u00edlia Olfativa: Adocicadas. Perfume apaixonante que traz suavidade, aconchego e do\u00e7ura. Perfeito para marcar momentos importantes das nossas vidas. A sua combina\u00e7\u00e3o proporciona mem\u00f3ria afetiva, ent\u00e3o escolha os mais lindos momentos para viver com este perfume maravilhoso.<\/p>\n<p>*Tropical Summer \u2013 Fam\u00edlia Olfativa: Frutas Adocicadas. Aroma fresco, adocicado e reconfortante, favorece as boas ideias e o bem-estar. Perfeito para ambientes de trabalho criativos, para ateli\u00eas ou para fazer um home office mega produtivo, \u00e9 um perfume que n\u00e3o cansa, muito pelo contr\u00e1rio, traz vitalidade e alegria.<\/p>\n<p>*Lavanda Francesa \u2013 Fam\u00edlia Olfativa: Florais. Aroma perfeito aroma da lavanda numa vers\u00e3o maravilhosa para velas, que relaxa, tranquiliza, favorece o sono e acalma a alma.<\/p>\n<p>*Vanilla \u2013 Fam\u00edlia Olfativa: Adocicadas. Aroma que \u00e9 uma composi\u00e7\u00e3o que acalma atrav\u00e9s da docilidade do seu perfume. \u00c9 um perfume requintado e encantador que preenche os ambientes e causa prazer.<\/p>\n<p>*Lemongrass \u2013 Fam\u00edlia Olfativa: Herbal C\u00edtrico. Como todas as notas de Lim\u00e3o, esta ess\u00eancia tem efeito muito revitalizante e estimulante. O aroma traz frescor, vida e alegria, al\u00e9m de ser importante no combate ao cansa\u00e7o e ins\u00f4nia.<\/p>\n<p>*Coffe \u2013 Fam\u00edlia Olfativa: Amadeirado. Aroma inigual\u00e1vel de caf\u00e9, \u00e9 um aroma energizante, que traz vigor e por ser ligado \u00e0 terra traz tamb\u00e9m o equil\u00edbrio. Atrai o sucesso e a boa fortuna.<\/p>\n","protected":false},"excerpt":{"rendered":"<p>Nossas velas s\u00e3o artesanais, com ess\u00eancias Premium, Pavio de algod\u00e3o e Cera de Coco 100% vegetal, que proporciona uma queima limpa, livre de parafina e produzidas com muito Carinho para voc\u00ea. (colocar esse textinho na p\u00e1gina de entrada das velas)<\/p>\n<p>Cruelty-free<\/p>\n<p>Composi\u00e7\u00e3o: Cera 100% Vegetal, Ess\u00eancias Premium e Pavio de algod\u00e3o.<\/p>\n<p>Validade: 12 meses.<\/p>\n<p>N\u00e3o ingerir.<\/p>\n<p>Uso externo, n\u00e3o testado em animais.<\/p>\n<p>Prazo para produ\u00e7\u00e3o: 3 dias \u00fateis.<\/p>\n<p>*Observa\u00e7\u00e3o importante: Lata que ficar\u00e1 linda como decora\u00e7\u00e3o. Ler etiqueta fundo do frasco com os cuidados com sua vela.<\/p>\n<p>IMPORTANTE: N\u00c3O NOS RESPONSABILIZAMOS POR ATRASOS DOS CORREIOS. FAVOR CONSULTAR O PRAZO DE ENTREGA ANTES DE FINALIZAR A COMPRA!<\/p>\n<p>Tempo de queima: aproximadamente 40 horas<\/p>\n<p>Dimens\u00f5es: 5,5 x 11 \u2013 peso cera 260g \u2013 peso total 400g<\/p>\n<p><strong>Escolher Lata nas cores:<\/strong> Vermelho, Verde, Branca dourada ou Branca Flores.<\/p>\n<p><strong>Aromas:<\/strong> Lavanda Francesa, Bergamota, Bamboo, Lemongrass, Coconut, Blue Ocean, Tropical Summer, Vanilla, Canela, Cereja e Avel\u00e3, Flor de Cerejeira, Coffe.<\/p>\n","protected":false},"featured_media":11122,"template":"","meta":[],"product_brand":[],"product_cat":[215],"product_tag":[201],"class_list":{"0":"post-11121","1":"product","2":"type-product","3":"status-publish","4":"has-post-thumbnail","6":"product_cat-velas","7":"product_tag-velas","10":"first","11":"instock","12":"shipping-taxable","13":"purchasable","14":"product-type-variable"},"_links":{"self":[{"href":"https:\/\/www.saboamoura.com.br\/site\/wp-json\/wp\/v2\/product\/11121","targetHints":{"allow":["GET"]}}],"collection":[{"href":"https:\/\/www.saboamoura.com.br\/site\/wp-json\/wp\/v2\/product"}],"about":[{"href":"https:\/\/www.saboamoura.com.br\/site\/wp-json\/wp\/v2\/types\/product"}],"wp:featuredmedia":[{"embeddable":true,"href":"https:\/\/www.saboamoura.com.br\/site\/wp-json\/wp\/v2\/media\/11122"}],"wp:attachment":[{"href":"https:\/\/www.saboamoura.com.br\/site\/wp-json\/wp\/v2\/media?parent=11121"}],"wp:term":[{"taxonomy":"product_brand","embeddable":true,"href":"https:\/\/www.saboamoura.com.br\/site\/wp-json\/wp\/v2\/product_brand?post=11121"},{"taxonomy":"product_cat","embeddable":true,"href":"https:\/\/www.saboamoura.com.br\/site\/wp-json\/wp\/v2\/product_cat?post=11121"},{"taxonomy":"product_tag","embeddable":true,"href":"https:\/\/www.saboamoura.com.br\/site\/wp-json\/wp\/v2\/product_tag?post=11121"}],"curies":[{"name":"wp","href":"https:\/\/api.w.org\/{rel}","templated":true}]}}