{"id":11116,"date":"2023-03-02T13:01:20","date_gmt":"2023-03-02T16:01:20","guid":{"rendered":"http:\/\/www.saboamoura.com.br\/site\/?post_type=product&#038;p=11116"},"modified":"2023-03-18T20:58:04","modified_gmt":"2023-03-18T23:58:04","slug":"shampoo-e-condicionador-golden-men-masculino","status":"publish","type":"product","link":"https:\/\/www.saboamoura.com.br\/site\/produto\/shampoo-e-condicionador-golden-men-masculino\/","title":{"rendered":"Shampoo e Condicionador Golden Men (Masculino)"},"content":{"rendered":"","protected":false},"excerpt":{"rendered":"<p>Sabonete 100% artesanal. Cruelty-free<\/p>\n<p>Perfumaria fina, trata-se de um aroma encorpado e refrescante. Para voc\u00ea Homem moderno que tem seu estilo pr\u00f3prio que define uma personalidade equilibrada, decidida e que aceita o seu instinto como algo \u00fanico no modo de como lhe dar com a vida.<\/p>\n<p>Possui a\u00e7\u00e3o adstringente, antisseborr\u00e9ica, hidratante, remineralizante, nutritiva e antiss\u00e9ptica, auxiliando tamb\u00e9m no tratamento de transpira\u00e7\u00e3o excessiva.<\/p>\n<p>Composi\u00e7\u00e3o Shampoo: Base para sabonete, \u00e1gua mineral, extratos vegetais e ess\u00eancia premium.<\/p>\n<p>Composi\u00e7\u00e3o Condicionador: Base s\u00f3lida, \u00e1gua mineral, manteigas vegetais, extratos vegetais, \u00f3leos vegetais, conservante Ecocert Veg e ess\u00eancia premium.<\/p>\n<p>Informa\u00e7\u00e3o adicional: Frasco de pl\u00e1stico biodegrad\u00e1vel, acompanha tampa na cor preta.<\/p>\n<p>Medidas aproximadas:19cm(A)x5,5cm(di\u00e2metro) \u2013 Cont\u00e9m de produto 240ml cada frasco. Shampoo e Condicionador 545g (juntos) .<\/p>\n<p>IMPORTANTE: N\u00c3O NOS RESPONSABILIZAMOS POR ATRASOS DOS CORREIOS. FAVOR CONSULTAR O PRAZO DE ENTREGA ANTES DE FINALIZAR A COMPRA!<\/p>\n","protected":false},"featured_media":11117,"template":"","meta":[],"product_brand":[],"product_cat":[212],"product_tag":[219],"class_list":{"0":"post-11116","1":"product","2":"type-product","3":"status-publish","4":"has-post-thumbnail","6":"product_cat-shampoo-e-condicionador","7":"product_tag-shampoo","10":"first","11":"instock","12":"shipping-taxable","13":"purchasable","14":"product-type-simple"},"_links":{"self":[{"href":"https:\/\/www.saboamoura.com.br\/site\/wp-json\/wp\/v2\/product\/11116","targetHints":{"allow":["GET"]}}],"collection":[{"href":"https:\/\/www.saboamoura.com.br\/site\/wp-json\/wp\/v2\/product"}],"about":[{"href":"https:\/\/www.saboamoura.com.br\/site\/wp-json\/wp\/v2\/types\/product"}],"wp:featuredmedia":[{"embeddable":true,"href":"https:\/\/www.saboamoura.com.br\/site\/wp-json\/wp\/v2\/media\/11117"}],"wp:attachment":[{"href":"https:\/\/www.saboamoura.com.br\/site\/wp-json\/wp\/v2\/media?parent=11116"}],"wp:term":[{"taxonomy":"product_brand","embeddable":true,"href":"https:\/\/www.saboamoura.com.br\/site\/wp-json\/wp\/v2\/product_brand?post=11116"},{"taxonomy":"product_cat","embeddable":true,"href":"https:\/\/www.saboamoura.com.br\/site\/wp-json\/wp\/v2\/product_cat?post=11116"},{"taxonomy":"product_tag","embeddable":true,"href":"https:\/\/www.saboamoura.com.br\/site\/wp-json\/wp\/v2\/product_tag?post=11116"}],"curies":[{"name":"wp","href":"https:\/\/api.w.org\/{rel}","templated":true}]}}