{"id":11111,"date":"2023-03-02T12:53:32","date_gmt":"2023-03-02T15:53:32","guid":{"rendered":"http:\/\/www.saboamoura.com.br\/site\/?post_type=product&#038;p=11111"},"modified":"2023-03-18T20:54:29","modified_gmt":"2023-03-18T23:54:29","slug":"sabonete-de-calendula","status":"publish","type":"product","link":"https:\/\/www.saboamoura.com.br\/site\/produto\/sabonete-de-calendula\/","title":{"rendered":"Sabonete de Cal\u00eandula"},"content":{"rendered":"","protected":false},"excerpt":{"rendered":"<p>Sabonete 100% artesanal. Cruelty-free<\/p>\n<p>Fragr\u00e2ncia para quem busca o equil\u00edbrio e deixa o clima harm\u00f4nico e com cheirinho floral levemente c\u00edtrico com nuance amadeirada.<\/p>\n<p>A Cal\u00eandula apresenta atividade cicatrizante, suavizante, refrescante, anti-inflamat\u00f3ria, antiss\u00e9ptica, antimicrobiana, antioxidante, aromatizante, condicionante e calmante. Possui a\u00e7\u00e3o antiedematosa e fotoprotetora.<\/p>\n<p>Produto hipoalerg\u00eanico.<\/p>\n<p>Uso externo, n\u00e3o testado em animais.<\/p>\n<p>N\u00e3o ingerir.<\/p>\n<p>*Observa\u00e7\u00e3o: N\u00c3O ACOMPANHA ITENS DECORATIVOS.<\/p>\n<p>Medidas aproximadas: 5,5(A)x9(C)x3(L) \u2013 150g<\/p>\n<p>IMPORTANTE: N\u00c3O NOS RESPONSABILIZAMOS POR ATRASOS DOS CORREIOS. FAVOR CONSULTAR O PRAZO DE ENTREGA ANTES DE FINALIZAR A COMPRA!<\/p>\n","protected":false},"featured_media":11112,"template":"","meta":[],"product_brand":[],"product_cat":[216],"product_tag":[201],"class_list":{"0":"post-11111","1":"product","2":"type-product","3":"status-publish","4":"has-post-thumbnail","6":"product_cat-sabonetes","7":"product_tag-velas","10":"first","11":"instock","12":"shipping-taxable","13":"purchasable","14":"product-type-simple"},"_links":{"self":[{"href":"https:\/\/www.saboamoura.com.br\/site\/wp-json\/wp\/v2\/product\/11111","targetHints":{"allow":["GET"]}}],"collection":[{"href":"https:\/\/www.saboamoura.com.br\/site\/wp-json\/wp\/v2\/product"}],"about":[{"href":"https:\/\/www.saboamoura.com.br\/site\/wp-json\/wp\/v2\/types\/product"}],"wp:featuredmedia":[{"embeddable":true,"href":"https:\/\/www.saboamoura.com.br\/site\/wp-json\/wp\/v2\/media\/11112"}],"wp:attachment":[{"href":"https:\/\/www.saboamoura.com.br\/site\/wp-json\/wp\/v2\/media?parent=11111"}],"wp:term":[{"taxonomy":"product_brand","embeddable":true,"href":"https:\/\/www.saboamoura.com.br\/site\/wp-json\/wp\/v2\/product_brand?post=11111"},{"taxonomy":"product_cat","embeddable":true,"href":"https:\/\/www.saboamoura.com.br\/site\/wp-json\/wp\/v2\/product_cat?post=11111"},{"taxonomy":"product_tag","embeddable":true,"href":"https:\/\/www.saboamoura.com.br\/site\/wp-json\/wp\/v2\/product_tag?post=11111"}],"curies":[{"name":"wp","href":"https:\/\/api.w.org\/{rel}","templated":true}]}}