{"id":11110,"date":"2023-03-02T12:52:44","date_gmt":"2023-03-02T15:52:44","guid":{"rendered":"http:\/\/www.saboamoura.com.br\/site\/?post_type=product&#038;p=11110"},"modified":"2023-05-02T15:50:53","modified_gmt":"2023-05-02T18:50:53","slug":"sabonete-de-lavanda","status":"publish","type":"product","link":"https:\/\/www.saboamoura.com.br\/site\/produto\/sabonete-de-lavanda\/","title":{"rendered":"Sabonete de Argila Amarela"},"content":{"rendered":"","protected":false},"excerpt":{"rendered":"<p>Sabonete 100% artesanal. Cruelty-free<\/p>\n<p>A Argila Amarela ajuda a combater e retardar o envelhecimento cut\u00e2neo. Tem \u00f3timo efeito tensor e melhora a circula\u00e7\u00e3o sangu\u00ednea. \u00c9 rica em s\u00edlico e seus benef\u00edcios s\u00e3o muitos, \u00e9 um elemento catalisador para a forma\u00e7\u00e3o de col\u00e1geno da pele para aumentar a elasticidade. Reduz as rugas. Tem a\u00e7\u00e3o purificante, adstringente e remineralizaste. Com efeito hidratante na pele e reduz as inflama\u00e7\u00f5es.<\/p>\n<p>A Manteiga de Karit\u00e9 na pele tem propriedade de reter a umidade e elasticidade, resultando em efetiva na hidrata\u00e7\u00e3o e preven\u00e7\u00e3o do ressecamento.<\/p>\n<p>Produto hipoalerg\u00eanico.<\/p>\n<p>Uso externo, n\u00e3o testado em animais.<\/p>\n<p>N\u00e3o ingerir.<\/p>\n<p>IMPORTANTE: N\u00c3O NOS RESPONSABILIZAMOS POR ATRASOS DOS CORREIOS. FAVOR CONSULTAR O PRAZO DE ENTREGA ANTES DE FINALIZAR A COMPRA!<\/p>\n<p>*Observa\u00e7\u00e3o: N\u00c3O ACOMPANHA ITENS DECORATIVOS.<\/p>\n<p>Medidas aproximadas: 5,5x9x3 \u2013 155g<\/p>\n","protected":false},"featured_media":11172,"template":"","meta":[],"product_brand":[],"product_cat":[216],"product_tag":[201],"class_list":{"0":"post-11110","1":"product","2":"type-product","3":"status-publish","4":"has-post-thumbnail","6":"product_cat-sabonetes","7":"product_tag-velas","10":"first","11":"instock","12":"shipping-taxable","13":"purchasable","14":"product-type-simple"},"_links":{"self":[{"href":"https:\/\/www.saboamoura.com.br\/site\/wp-json\/wp\/v2\/product\/11110","targetHints":{"allow":["GET"]}}],"collection":[{"href":"https:\/\/www.saboamoura.com.br\/site\/wp-json\/wp\/v2\/product"}],"about":[{"href":"https:\/\/www.saboamoura.com.br\/site\/wp-json\/wp\/v2\/types\/product"}],"wp:featuredmedia":[{"embeddable":true,"href":"https:\/\/www.saboamoura.com.br\/site\/wp-json\/wp\/v2\/media\/11172"}],"wp:attachment":[{"href":"https:\/\/www.saboamoura.com.br\/site\/wp-json\/wp\/v2\/media?parent=11110"}],"wp:term":[{"taxonomy":"product_brand","embeddable":true,"href":"https:\/\/www.saboamoura.com.br\/site\/wp-json\/wp\/v2\/product_brand?post=11110"},{"taxonomy":"product_cat","embeddable":true,"href":"https:\/\/www.saboamoura.com.br\/site\/wp-json\/wp\/v2\/product_cat?post=11110"},{"taxonomy":"product_tag","embeddable":true,"href":"https:\/\/www.saboamoura.com.br\/site\/wp-json\/wp\/v2\/product_tag?post=11110"}],"curies":[{"name":"wp","href":"https:\/\/api.w.org\/{rel}","templated":true}]}}