{"id":11108,"date":"2023-03-02T12:49:56","date_gmt":"2023-03-02T15:49:56","guid":{"rendered":"http:\/\/www.saboamoura.com.br\/site\/?post_type=product&#038;p=11108"},"modified":"2023-03-18T20:52:40","modified_gmt":"2023-03-18T23:52:40","slug":"sabonete-de-aveia-e-mel","status":"publish","type":"product","link":"https:\/\/www.saboamoura.com.br\/site\/produto\/sabonete-de-aveia-e-mel\/","title":{"rendered":"Sabonete de Aveia e Mel"},"content":{"rendered":"","protected":false},"excerpt":{"rendered":"<p>Sabonete 100% artesanal. Cruelty-free<\/p>\n<p>Aroma delicioso adocicado da mistura da aveia e o Mel <strong>(utilizado mel puro de abelha<\/strong>) O cheiro adocicado do mel agu\u00e7a a imagina\u00e7\u00e3o e libera fantasias escondidas.<\/p>\n<p>Cont\u00e9m aveia laminada para uma leve esfolia\u00e7\u00e3o.<\/p>\n<p>Extrato Glicerinado de Aveia apresenta atividade emoliente, hidratante, nutritiva, restauradora de tecidos, remineralizante, suavizante, amaciante, fungicida e condicionante. Possui a\u00e7\u00e3o abrasiva, al\u00e9m de contribuir para arquitetura e resist\u00eancia do tecido conjuntivo. Utilizada em dermatites, seborreias, urtic\u00e1rias, eczemas, peles envelhecidas ou com tend\u00eancia de forma\u00e7\u00e3o de rugas.<\/p>\n<p>Produto hipoalerg\u00eanico.<\/p>\n<p>Uso externo, n\u00e3o testado em animais.<\/p>\n<p>N\u00e3o ingerir.<\/p>\n<p>Medidas aproximadas: 5,5x9x3 \u2013 150g<\/p>\n<p>IMPORTANTE: N\u00c3O NOS RESPONSABILIZAMOS POR ATRASOS DOS CORREIOS. FAVOR CONSULTAR O PRAZO DE ENTREGA ANTES DE FINALIZAR A COMPRA!<\/p>\n<p>*Observa\u00e7\u00e3o: N\u00c3O ACOMPANHA ITENS DECORATIVOS.<\/p>\n","protected":false},"featured_media":11109,"template":"","meta":[],"product_brand":[],"product_cat":[216],"product_tag":[201],"class_list":{"0":"post-11108","1":"product","2":"type-product","3":"status-publish","4":"has-post-thumbnail","6":"product_cat-sabonetes","7":"product_tag-velas","10":"first","11":"instock","12":"shipping-taxable","13":"purchasable","14":"product-type-simple"},"_links":{"self":[{"href":"https:\/\/www.saboamoura.com.br\/site\/wp-json\/wp\/v2\/product\/11108","targetHints":{"allow":["GET"]}}],"collection":[{"href":"https:\/\/www.saboamoura.com.br\/site\/wp-json\/wp\/v2\/product"}],"about":[{"href":"https:\/\/www.saboamoura.com.br\/site\/wp-json\/wp\/v2\/types\/product"}],"wp:featuredmedia":[{"embeddable":true,"href":"https:\/\/www.saboamoura.com.br\/site\/wp-json\/wp\/v2\/media\/11109"}],"wp:attachment":[{"href":"https:\/\/www.saboamoura.com.br\/site\/wp-json\/wp\/v2\/media?parent=11108"}],"wp:term":[{"taxonomy":"product_brand","embeddable":true,"href":"https:\/\/www.saboamoura.com.br\/site\/wp-json\/wp\/v2\/product_brand?post=11108"},{"taxonomy":"product_cat","embeddable":true,"href":"https:\/\/www.saboamoura.com.br\/site\/wp-json\/wp\/v2\/product_cat?post=11108"},{"taxonomy":"product_tag","embeddable":true,"href":"https:\/\/www.saboamoura.com.br\/site\/wp-json\/wp\/v2\/product_tag?post=11108"}],"curies":[{"name":"wp","href":"https:\/\/api.w.org\/{rel}","templated":true}]}}