{"id":11100,"date":"2023-03-02T12:38:36","date_gmt":"2023-03-02T15:38:36","guid":{"rendered":"http:\/\/www.saboamoura.com.br\/site\/?post_type=product&#038;p=11100"},"modified":"2023-03-18T20:41:11","modified_gmt":"2023-03-18T23:41:11","slug":"sabonete-de-argila-verde","status":"publish","type":"product","link":"https:\/\/www.saboamoura.com.br\/site\/produto\/sabonete-de-argila-verde\/","title":{"rendered":"Sabonete de Argila Verde"},"content":{"rendered":"","protected":false},"excerpt":{"rendered":"<p>Sabonete 100% artesanal. Cruelty-free<\/p>\n<p>Indicada para peles oleosas e acneicas. A argila verde tem benef\u00edcios secativos, bactericida, analg\u00e9sico e cicatrizante.<\/p>\n<p>A argila verde \u00e9 muito rica e por isso possui a maior diversidade de elementos como oxido de ferro associado ao magn\u00e9sio.<\/p>\n<p>\u00d3leo vegetal de Melaleuca combate a coceira e a acne, sua principal atividade concentra-se em seu poder antimicrobiano, em especial como fungicida, revelada atrav\u00e9s de v\u00e1rios trabalhos cl\u00ednicos.<\/p>\n<p>O Extrato de Barbatim\u00e3o (derivado das cascas do Barbatim\u00e3o) age como adstringente, antimicrobiano, antiss\u00e9ptico, bactericida, t\u00f4nico e cicatrizante.<\/p>\n<p>Extrato natural em p\u00f3 de Couve \u00e9 rico em prote\u00ednas, carboidratos, fibras, c\u00e1lcio, ferro, Vitamina A e C, niacina, carotenoides como lute\u00edna e betacaroteno, compostos fen\u00f3licos e \u00e1cidos org\u00e2nicos como \u00e1cidos acon\u00edtico, c\u00edtrico, asc\u00f3rbico, m\u00e1lico, qu\u00ednico, chiqu\u00edmico e fum\u00e1rico.<\/p>\n<p>Produto hipoalerg\u00eanico.<\/p>\n<p>Uso externo, n\u00e3o testado em animais. N\u00e3o ingerir.<\/p>\n<p>IMPORTANTE: N\u00c3O NOS RESPONSABILIZAMOS POR ATRASOS DOS CORREIOS. FAVOR CONSULTAR O PRAZO DE ENTREGA ANTES DE FINALIZAR A COMPRA!<\/p>\n<p>*Observa\u00e7\u00e3o: N\u00c3O ACOMPANHA ITENS DECORATIVOS.<\/p>\n<p>Medidas aproximadas: 5,5(A)x9(C)x3(L) \u2013 150g<\/p>\n","protected":false},"featured_media":11101,"template":"","meta":[],"product_brand":[],"product_cat":[216],"product_tag":[201],"class_list":{"0":"post-11100","1":"product","2":"type-product","3":"status-publish","4":"has-post-thumbnail","6":"product_cat-sabonetes","7":"product_tag-velas","10":"first","11":"instock","12":"shipping-taxable","13":"purchasable","14":"product-type-simple"},"_links":{"self":[{"href":"https:\/\/www.saboamoura.com.br\/site\/wp-json\/wp\/v2\/product\/11100","targetHints":{"allow":["GET"]}}],"collection":[{"href":"https:\/\/www.saboamoura.com.br\/site\/wp-json\/wp\/v2\/product"}],"about":[{"href":"https:\/\/www.saboamoura.com.br\/site\/wp-json\/wp\/v2\/types\/product"}],"wp:featuredmedia":[{"embeddable":true,"href":"https:\/\/www.saboamoura.com.br\/site\/wp-json\/wp\/v2\/media\/11101"}],"wp:attachment":[{"href":"https:\/\/www.saboamoura.com.br\/site\/wp-json\/wp\/v2\/media?parent=11100"}],"wp:term":[{"taxonomy":"product_brand","embeddable":true,"href":"https:\/\/www.saboamoura.com.br\/site\/wp-json\/wp\/v2\/product_brand?post=11100"},{"taxonomy":"product_cat","embeddable":true,"href":"https:\/\/www.saboamoura.com.br\/site\/wp-json\/wp\/v2\/product_cat?post=11100"},{"taxonomy":"product_tag","embeddable":true,"href":"https:\/\/www.saboamoura.com.br\/site\/wp-json\/wp\/v2\/product_tag?post=11100"}],"curies":[{"name":"wp","href":"https:\/\/api.w.org\/{rel}","templated":true}]}}