{"id":11095,"date":"2023-03-02T12:34:55","date_gmt":"2023-03-02T15:34:55","guid":{"rendered":"http:\/\/www.saboamoura.com.br\/site\/?post_type=product&#038;p=11095"},"modified":"2023-03-18T20:39:58","modified_gmt":"2023-03-18T23:39:58","slug":"sabonete-melancia-fruta","status":"publish","type":"product","link":"https:\/\/www.saboamoura.com.br\/site\/produto\/sabonete-melancia-fruta\/","title":{"rendered":"Sabonete Melancia (fruta)"},"content":{"rendered":"","protected":false},"excerpt":{"rendered":"<p>Sabonete 100% artesanal. Sabonete pintado artesanalmente com pigmentos e corantes a base de \u00e1gua. Este aroma proporciona uma sensa\u00e7\u00e3o serena de independ\u00eancia e sensualidade, super combina com o Ver\u00e3o.<\/p>\n<p>Possui propriedades antioxidantes devido a presen\u00e7a de vitamina A e C, al\u00e9m dos efeitos hidratantes e umectantes para a pele.<\/p>\n<p>Composi\u00e7\u00e3o: base glicerinada, lauril, extratos naturais, ess\u00eancia da fruta, corantes e pigmentos a base de \u00e1gua.<\/p>\n<p>Produto hipoalerg\u00eanico.<\/p>\n<p>Uso externo, n\u00e3o testado em animais.<\/p>\n<p>N\u00e3o ingerir.<\/p>\n<p>IMPORTANTE: N\u00c3O NOS RESPONSABILIZAMOS POR ATRASOS DOS CORREIOS. FAVOR CONSULTAR O PRAZO DE ENTREGA ANTES DE FINALIZAR A COMPRA!<\/p>\n<p>Medidas aproximadas: 9(A)x10(C)x3(L) \u2013 150g<\/p>\n<p>*Observa\u00e7\u00e3o: N\u00c3O ACOMPANHA ITENS DECORATIVOS.<\/p>\n","protected":false},"featured_media":11096,"template":"","meta":[],"product_brand":[],"product_cat":[216],"product_tag":[201],"class_list":{"0":"post-11095","1":"product","2":"type-product","3":"status-publish","4":"has-post-thumbnail","6":"product_cat-sabonetes","7":"product_tag-velas","10":"first","11":"instock","12":"shipping-taxable","13":"purchasable","14":"product-type-simple"},"_links":{"self":[{"href":"https:\/\/www.saboamoura.com.br\/site\/wp-json\/wp\/v2\/product\/11095","targetHints":{"allow":["GET"]}}],"collection":[{"href":"https:\/\/www.saboamoura.com.br\/site\/wp-json\/wp\/v2\/product"}],"about":[{"href":"https:\/\/www.saboamoura.com.br\/site\/wp-json\/wp\/v2\/types\/product"}],"wp:featuredmedia":[{"embeddable":true,"href":"https:\/\/www.saboamoura.com.br\/site\/wp-json\/wp\/v2\/media\/11096"}],"wp:attachment":[{"href":"https:\/\/www.saboamoura.com.br\/site\/wp-json\/wp\/v2\/media?parent=11095"}],"wp:term":[{"taxonomy":"product_brand","embeddable":true,"href":"https:\/\/www.saboamoura.com.br\/site\/wp-json\/wp\/v2\/product_brand?post=11095"},{"taxonomy":"product_cat","embeddable":true,"href":"https:\/\/www.saboamoura.com.br\/site\/wp-json\/wp\/v2\/product_cat?post=11095"},{"taxonomy":"product_tag","embeddable":true,"href":"https:\/\/www.saboamoura.com.br\/site\/wp-json\/wp\/v2\/product_tag?post=11095"}],"curies":[{"name":"wp","href":"https:\/\/api.w.org\/{rel}","templated":true}]}}