{"id":10958,"date":"2023-01-11T15:41:24","date_gmt":"2023-01-11T18:41:24","guid":{"rendered":"http:\/\/www.saboamoura.com.br\/site\/?post_type=product&#038;p=10958"},"modified":"2023-03-14T16:14:35","modified_gmt":"2023-03-14T19:14:35","slug":"sabonete-limao-siciliano-fruta","status":"publish","type":"product","link":"https:\/\/www.saboamoura.com.br\/site\/produto\/sabonete-limao-siciliano-fruta\/","title":{"rendered":"Sabonete Lim\u00e3o Siciliano (fruta)"},"content":{"rendered":"","protected":false},"excerpt":{"rendered":"<p>Sabonete 100% artesanal. Sabonete pintado artesanalmente com pigmentos e corantes a base de \u00e1gua. Aroma fresco, c\u00edtrico e energizante exatamente como o aroma caracter\u00edstico do lim\u00e3o siciliano.<\/p>\n<p>Composi\u00e7\u00e3o: base glicerinada, lauril, extratos naturais, ess\u00eancia da fruta, corantes e pigmentos a base de \u00e1gua.<\/p>\n<p>Extratos naturais e \u00f3leo vegetal de coco com uma hidrata\u00e7\u00e3o potente, \u00e9 antibacteriano e antif\u00fangico.<\/p>\n<p>Produto hipoalerg\u00eanico.<\/p>\n<p>Uso externo, n\u00e3o testado em animais.<\/p>\n<p>N\u00e3o ingerir.<\/p>\n<p>IMPORTANTE: N\u00c3O NOS RESPONSABILIZAMOS POR ATRASOS DOS CORREIOS. FAVOR CONSULTAR O PRAZO DE ENTREGA ANTES DE FINALIZAR A COMPRA!<\/p>\n<p>*Observa\u00e7\u00e3o: N\u00c3O ACOMPANHA ITENS DECORATIVOS.<\/p>\n<p>Medidas aproximadas: 7(C)x6(L)x5,5(A) \u2013 170g<\/p>\n","protected":false},"featured_media":11084,"template":"","meta":[],"product_brand":[],"product_cat":[216],"product_tag":[201],"class_list":{"0":"post-10958","1":"product","2":"type-product","3":"status-publish","4":"has-post-thumbnail","6":"product_cat-sabonetes","7":"product_tag-velas","10":"first","11":"instock","12":"shipping-taxable","13":"purchasable","14":"product-type-simple"},"_links":{"self":[{"href":"https:\/\/www.saboamoura.com.br\/site\/wp-json\/wp\/v2\/product\/10958","targetHints":{"allow":["GET"]}}],"collection":[{"href":"https:\/\/www.saboamoura.com.br\/site\/wp-json\/wp\/v2\/product"}],"about":[{"href":"https:\/\/www.saboamoura.com.br\/site\/wp-json\/wp\/v2\/types\/product"}],"wp:featuredmedia":[{"embeddable":true,"href":"https:\/\/www.saboamoura.com.br\/site\/wp-json\/wp\/v2\/media\/11084"}],"wp:attachment":[{"href":"https:\/\/www.saboamoura.com.br\/site\/wp-json\/wp\/v2\/media?parent=10958"}],"wp:term":[{"taxonomy":"product_brand","embeddable":true,"href":"https:\/\/www.saboamoura.com.br\/site\/wp-json\/wp\/v2\/product_brand?post=10958"},{"taxonomy":"product_cat","embeddable":true,"href":"https:\/\/www.saboamoura.com.br\/site\/wp-json\/wp\/v2\/product_cat?post=10958"},{"taxonomy":"product_tag","embeddable":true,"href":"https:\/\/www.saboamoura.com.br\/site\/wp-json\/wp\/v2\/product_tag?post=10958"}],"curies":[{"name":"wp","href":"https:\/\/api.w.org\/{rel}","templated":true}]}}