{"id":9095,"date":"2020-01-13T06:50:18","date_gmt":"2020-01-13T06:50:18","guid":{"rendered":"https:\/\/wpbingosite.com\/wordpress\/dimita\/?page_id=9095"},"modified":"2023-03-02T10:53:59","modified_gmt":"2023-03-02T13:53:59","slug":"sobre","status":"publish","type":"page","link":"https:\/\/www.saboamoura.com.br\/site\/sobre\/","title":{"rendered":"A Saboamoura"},"content":{"rendered":"\t\t<div data-elementor-type=\"wp-page\" data-elementor-id=\"9095\" class=\"elementor elementor-9095\">\n\t\t\t\t\t\t\t\t\t<section class=\"elementor-section elementor-top-section elementor-element elementor-element-c416e5f elementor-section-stretched elementor-section-boxed elementor-section-height-default elementor-section-height-default\" data-id=\"c416e5f\" data-element_type=\"section\" data-settings=\"{&quot;stretch_section&quot;:&quot;section-stretched&quot;}\">\n\t\t\t\t\t\t<div class=\"elementor-container elementor-column-gap-default\">\n\t\t\t\t\t<div class=\"elementor-column elementor-col-100 elementor-top-column elementor-element elementor-element-61f785f\" data-id=\"61f785f\" data-element_type=\"column\">\n\t\t\t<div class=\"elementor-widget-wrap elementor-element-populated\">\n\t\t\t\t\t\t\t\t<div class=\"elementor-element elementor-element-2d4e614 text-about-1 elementor-widget elementor-widget-text-editor\" data-id=\"2d4e614\" data-element_type=\"widget\" data-widget_type=\"text-editor.default\">\n\t\t\t\t<div class=\"elementor-widget-container\">\n\t\t\t<style>\/*! elementor - v3.10.1 - 17-01-2023 *\/\n.elementor-widget-text-editor.elementor-drop-cap-view-stacked .elementor-drop-cap{background-color:#818a91;color:#fff}.elementor-widget-text-editor.elementor-drop-cap-view-framed .elementor-drop-cap{color:#818a91;border:3px solid;background-color:transparent}.elementor-widget-text-editor:not(.elementor-drop-cap-view-default) .elementor-drop-cap{margin-top:8px}.elementor-widget-text-editor:not(.elementor-drop-cap-view-default) .elementor-drop-cap-letter{width:1em;height:1em}.elementor-widget-text-editor .elementor-drop-cap{float:left;text-align:center;line-height:1;font-size:50px}.elementor-widget-text-editor .elementor-drop-cap-letter{display:inline-block}<\/style>\t\t\t\t<h3>Conhe\u00e7a a Saboamoura<\/h3><p><b><i>SABOAMOURA \u00e9 o resultado de um sonho e de uma ambi\u00e7\u00e3o.<\/i><\/b><\/p><p>Um sonho que teve suas origens em meados de 2020, quando todos estavam em suas casas buscando um maior conforto e mais qualidade de vida em um momento t\u00e3o delicado de nossa hist\u00f3ria. Essa qualidade de vida, que se expressa nas mais diferentes formas, tamb\u00e9m se obt\u00e9m com produtos de cuidados pessoais e sensoriais, pensados de modo singular, com todo o carinho e cuidado que s\u00f3 pe\u00e7as \u00fanicas e artesanais podem proporcionar.<\/p><p>Uma ambi\u00e7\u00e3o da idealizadora deste sonho, Desir\u00e8e de Moura, que a de proporcionar essas experi\u00eancias pessoais e sensoriais atrav\u00e9s de produtos artesanais destinados a um p\u00fablico consumidor cada vez mais sedento por qualidade, beleza, pessoalidade e carinho, traduzidos nos produtos das diversas linhas de SABOAMOURA.<\/p><p>Este sonho e esta ambi\u00e7\u00e3o se concretizam na gama de produtos artesanais disponibilizados a todos que procuram experi\u00eancias inovadoras que tragam a si um pouco do sentimento de pertencimento aquilo que \u00e9 \u00fanico, especialmente feito para entregar o sentir-se bem!<\/p>\t\t\t\t\t\t<\/div>\n\t\t\t\t<\/div>\n\t\t\t\t\t<\/div>\n\t\t<\/div>\n\t\t\t\t\t\t\t<\/div>\n\t\t<\/section>\n\t\t\t\t\t\t\t<\/div>\n\t\t","protected":false},"excerpt":{"rendered":"<p>Conhe\u00e7a a Saboamoura SABOAMOURA \u00e9 o resultado de um sonho e de uma ambi\u00e7\u00e3o. Um sonho que teve suas origens em meados de 2020, quando todos estavam em suas casas buscando um maior conforto e mais qualidade de vida em um momento t\u00e3o delicado de nossa hist\u00f3ria. Essa qualidade de vida, que se expressa nas [&hellip;]<\/p>\n","protected":false},"author":1,"featured_media":0,"parent":0,"menu_order":0,"comment_status":"closed","ping_status":"closed","template":"","meta":{"footnotes":""},"class_list":["post-9095","page","type-page","status-publish","hentry"],"_links":{"self":[{"href":"https:\/\/www.saboamoura.com.br\/site\/wp-json\/wp\/v2\/pages\/9095","targetHints":{"allow":["GET"]}}],"collection":[{"href":"https:\/\/www.saboamoura.com.br\/site\/wp-json\/wp\/v2\/pages"}],"about":[{"href":"https:\/\/www.saboamoura.com.br\/site\/wp-json\/wp\/v2\/types\/page"}],"author":[{"embeddable":true,"href":"https:\/\/www.saboamoura.com.br\/site\/wp-json\/wp\/v2\/users\/1"}],"replies":[{"embeddable":true,"href":"https:\/\/www.saboamoura.com.br\/site\/wp-json\/wp\/v2\/comments?post=9095"}],"version-history":[{"count":52,"href":"https:\/\/www.saboamoura.com.br\/site\/wp-json\/wp\/v2\/pages\/9095\/revisions"}],"predecessor-version":[{"id":11081,"href":"https:\/\/www.saboamoura.com.br\/site\/wp-json\/wp\/v2\/pages\/9095\/revisions\/11081"}],"wp:attachment":[{"href":"https:\/\/www.saboamoura.com.br\/site\/wp-json\/wp\/v2\/media?parent=9095"}],"curies":[{"name":"wp","href":"https:\/\/api.w.org\/{rel}","templated":true}]}}